{"id":4323,"date":"2020-07-18T13:23:35","date_gmt":"2020-07-18T10:23:35","guid":{"rendered":"http:\/\/www.saitem.org\/tr\/?page_id=4323"},"modified":"2023-09-15T02:48:37","modified_gmt":"2023-09-14T23:48:37","slug":"saguar-e","status":"publish","type":"page","link":"https:\/\/www.saitem.org\/tr\/saguar-e\/","title":{"rendered":"SAGUAR-E"},"content":{"rendered":"\n<p style=\"font-size:25px\">2019 y\u0131l\u0131nda \u00fcretti\u011fimiz ara\u00e7lardan SAGUAR-E, T\u00dcB\u0130TAK Elektromobil 2019 Yar\u0131\u015f\u0131 i\u00e7in tasarland\u0131. <\/p>\n\n\n\n<figure class=\"wp-block-image\"><img decoding=\"async\" loading=\"lazy\" width=\"1024\" height=\"678\" src=\"https:\/\/www.saitem.org\/tr\/wp-content\/uploads\/t\u00fcbitak2019-1-1024x678.jpg\" alt=\"\" class=\"wp-image-4326\" srcset=\"https:\/\/www.saitem.org\/tr\/wp-content\/uploads\/t\u00fcbitak2019-1-1024x678.jpg 1024w, https:\/\/www.saitem.org\/tr\/wp-content\/uploads\/t\u00fcbitak2019-1-300x199.jpg 300w, https:\/\/www.saitem.org\/tr\/wp-content\/uploads\/t\u00fcbitak2019-1-768x509.jpg 768w\" sizes=\"(max-width: 1024px) 100vw, 1024px\" \/><figcaption class=\"wp-element-caption\">SAGUAR-E K\u00d6RFEZ YARI\u015e P\u0130ST\u0130NDE<\/figcaption><\/figure>\n\n\n\n<p style=\"font-size:25px\"> Arac\u0131n uzunlu\u011fu 3500 mm , geni\u015fli\u011fi 1350 mm ve y\u00fcksekli\u011fi de 1085 mm&#8217;dir. Karbonfiber \u015fasi ve g\u00f6vdeye sahip SAGUAR-E, ekibimizin yapm\u0131\u015f oldu\u011fu ilk iki ki\u015filik ara\u00e7t\u0131r. <\/p>\n\n\n\n<figure class=\"wp-block-image\"><img decoding=\"async\" loading=\"lazy\" width=\"1024\" height=\"889\" src=\"https:\/\/www.saitem.org\/tr\/wp-content\/uploads\/at\u00f6lye\u00f6n\u00fc-toplu-1-1024x889.jpg\" alt=\"\" class=\"wp-image-4330\" srcset=\"https:\/\/www.saitem.org\/tr\/wp-content\/uploads\/at\u00f6lye\u00f6n\u00fc-toplu-1-1024x889.jpg 1024w, https:\/\/www.saitem.org\/tr\/wp-content\/uploads\/at\u00f6lye\u00f6n\u00fc-toplu-1-300x260.jpg 300w, https:\/\/www.saitem.org\/tr\/wp-content\/uploads\/at\u00f6lye\u00f6n\u00fc-toplu-1-768x667.jpg 768w\" sizes=\"(max-width: 1024px) 100vw, 1024px\" \/><\/figure>\n\n\n\n<p style=\"font-size:25px\">Arac\u0131m\u0131z \u00fczerinde revize \u00e7al\u0131\u015fmalar\u0131m\u0131z mekanik aksamlar\u0131n\u0131n kompozite \u00e7evrilmesi ve elektriksel donan\u0131m\u0131n\u0131n iyile\u015ftirilmesi ile devam etmektedir. <\/p>\n\n\n\n<p>#saitem #saguar-e #saguar #evrim #sahimo #karbonfiber #sakaryauniversitesi #seninmuhendisinseninaraban <\/p>\n","protected":false},"excerpt":{"rendered":"<p>2019 y\u0131l\u0131nda \u00fcretti\u011fimiz ara\u00e7lardan SAGUAR-E, T\u00dcB\u0130TAK Elektromobil 2019 Yar\u0131\u015f\u0131 i\u00e7in tasarland\u0131. Arac\u0131n uzunlu\u011fu 3500 mm , geni\u015fli\u011fi 1350 mm ve y\u00fcksekli\u011fi de 1085 mm&#8217;dir. Karbonfiber \u015fasi ve g\u00f6vdeye sahip SAGUAR-E, ekibimizin yapm\u0131\u015f oldu\u011fu ilk iki ki\u015filik ara\u00e7t\u0131r. Arac\u0131m\u0131z \u00fczerinde revize \u00e7al\u0131\u015fmalar\u0131m\u0131z mekanik aksamlar\u0131n\u0131n kompozite \u00e7evrilmesi ve elektriksel donan\u0131m\u0131n\u0131n iyile\u015ftirilmesi ile devam etmektedir. #saitem #saguar-e #saguar [&hellip;]<\/p>\n","protected":false},"author":1,"featured_media":4324,"parent":0,"menu_order":0,"comment_status":"closed","ping_status":"closed","template":"","meta":[],"_links":{"self":[{"href":"https:\/\/www.saitem.org\/tr\/wp-json\/wp\/v2\/pages\/4323"}],"collection":[{"href":"https:\/\/www.saitem.org\/tr\/wp-json\/wp\/v2\/pages"}],"about":[{"href":"https:\/\/www.saitem.org\/tr\/wp-json\/wp\/v2\/types\/page"}],"author":[{"embeddable":true,"href":"https:\/\/www.saitem.org\/tr\/wp-json\/wp\/v2\/users\/1"}],"replies":[{"embeddable":true,"href":"https:\/\/www.saitem.org\/tr\/wp-json\/wp\/v2\/comments?post=4323"}],"version-history":[{"count":5,"href":"https:\/\/www.saitem.org\/tr\/wp-json\/wp\/v2\/pages\/4323\/revisions"}],"predecessor-version":[{"id":6067,"href":"https:\/\/www.saitem.org\/tr\/wp-json\/wp\/v2\/pages\/4323\/revisions\/6067"}],"wp:featuredmedia":[{"embeddable":true,"href":"https:\/\/www.saitem.org\/tr\/wp-json\/wp\/v2\/media\/4324"}],"wp:attachment":[{"href":"https:\/\/www.saitem.org\/tr\/wp-json\/wp\/v2\/media?parent=4323"}],"curies":[{"name":"wp","href":"https:\/\/api.w.org\/{rel}","templated":true}]}}