{"id":4296,"date":"2019-09-28T16:00:43","date_gmt":"2019-09-28T13:00:43","guid":{"rendered":"http:\/\/www.saitem.org\/tr\/?page_id=4296"},"modified":"2023-06-12T21:07:42","modified_gmt":"2023-06-12T18:07:42","slug":"evrim-5","status":"publish","type":"page","link":"https:\/\/www.saitem.org\/tr\/evrim\/evrim-5\/","title":{"rendered":"EVrim 5"},"content":{"rendered":"\n<p class=\"has-medium-font-size\">Evrim 5, 2019 y\u0131l\u0131nda \u0130stanbul Atat\u00fcrk Havaalan\u0131&#8217;nda &nbsp;d\u00fczenlenen Teknofest etkinliklerinde, Robotaksi &nbsp;Binek Otonom Ara\u00e7lar kategorisine otonom s\u00fcr\u00fc\u015f \u00f6zellikleriyle yar\u0131\u015fmak \u00fczere tasarland\u0131 ve \u00fcretildi.<\/p>\n\n\n\n<figure class=\"wp-block-image\"><img decoding=\"async\" loading=\"lazy\" width=\"1024\" height=\"678\" src=\"https:\/\/www.saitem.org\/tr\/wp-content\/uploads\/tek-1-1024x678.jpg\" alt=\"\" class=\"wp-image-4299\" srcset=\"https:\/\/www.saitem.org\/tr\/wp-content\/uploads\/tek-1-1024x678.jpg 1024w, https:\/\/www.saitem.org\/tr\/wp-content\/uploads\/tek-1-300x199.jpg 300w, https:\/\/www.saitem.org\/tr\/wp-content\/uploads\/tek-1-768x509.jpg 768w\" sizes=\"(max-width: 1024px) 100vw, 1024px\" \/><figcaption>EVrim 5 Robotaksi Parkurunda<\/figcaption><\/figure>\n\n\n\n<p class=\"has-medium-font-size\">Teknofest Robotaksi yar\u0131\u015flar\u0131 s\u0131ras\u0131nda Baykar Savunma Genel M\u00fcd\u00fcr\u00fc Sn. Haluk Bayraktar pado\u011fumuzda bizi ziyaret etti. <\/p>\n\n\n\n<figure class=\"wp-block-image\"><img decoding=\"async\" loading=\"lazy\" width=\"1024\" height=\"678\" src=\"https:\/\/www.saitem.org\/tr\/wp-content\/uploads\/sn.-Bayraktar-1024x678.jpg\" alt=\"\" class=\"wp-image-4305\" srcset=\"https:\/\/www.saitem.org\/tr\/wp-content\/uploads\/sn.-Bayraktar-1024x678.jpg 1024w, https:\/\/www.saitem.org\/tr\/wp-content\/uploads\/sn.-Bayraktar-300x199.jpg 300w, https:\/\/www.saitem.org\/tr\/wp-content\/uploads\/sn.-Bayraktar-768x509.jpg 768w\" sizes=\"(max-width: 1024px) 100vw, 1024px\" \/><\/figure>\n\n\n\n<p class=\"has-medium-font-size\">2020 y\u0131l\u0131nda revize \u00e7al\u0131\u015fmalar\u0131n\u0131 ger\u00e7ekle\u015ftirdi\u011fimiz arac\u0131m\u0131z, Shell Eco Marathon 2020 Londra yar\u0131\u015flar\u0131nda yar\u0131\u015fmaya hak kazanan 16 yerli ara\u00e7tan biriydi, ancak yar\u0131\u015flar pandemi nedeniyle iptal edildi.<\/p>\n\n\n\n<figure class=\"wp-block-image\"><img decoding=\"async\" loading=\"lazy\" width=\"768\" height=\"1024\" src=\"https:\/\/www.saitem.org\/tr\/wp-content\/uploads\/evrim5-768x1024.jpg\" alt=\"\" class=\"wp-image-4300\" srcset=\"https:\/\/www.saitem.org\/tr\/wp-content\/uploads\/evrim5-768x1024.jpg 768w, https:\/\/www.saitem.org\/tr\/wp-content\/uploads\/evrim5-225x300.jpg 225w\" sizes=\"(max-width: 768px) 100vw, 768px\" \/><\/figure>\n\n\n\n<p class=\"has-medium-font-size\">EVrim 5, 79 kg a\u011f\u0131rl\u0131\u011f\u0131 ile ekibimizin bug\u00fcne kadar yapt\u0131\u011f\u0131 en hafif araba unvan\u0131na sahip. G\u00f6vdesi tamamen karbonfiberden olu\u015fan arac\u0131m\u0131z\u0131n uzunlu\u011fu 2950mm, geni\u015fli\u011fi 1250mm, y\u00fcksekli\u011fi 1100 mm\u2019dir.<\/p>\n","protected":false},"excerpt":{"rendered":"<p>Evrim 5, 2019 y\u0131l\u0131nda \u0130stanbul Atat\u00fcrk Havaalan\u0131&#8217;nda &nbsp;d\u00fczenlenen Teknofest etkinliklerinde, Robotaksi &nbsp;Binek Otonom Ara\u00e7lar kategorisine otonom s\u00fcr\u00fc\u015f \u00f6zellikleriyle yar\u0131\u015fmak \u00fczere tasarland\u0131 ve \u00fcretildi. Teknofest Robotaksi yar\u0131\u015flar\u0131 s\u0131ras\u0131nda Baykar Savunma Genel M\u00fcd\u00fcr\u00fc Sn. Haluk Bayraktar pado\u011fumuzda bizi ziyaret etti. 2020 y\u0131l\u0131nda revize \u00e7al\u0131\u015fmalar\u0131n\u0131 ger\u00e7ekle\u015ftirdi\u011fimiz arac\u0131m\u0131z, Shell Eco Marathon 2020 Londra yar\u0131\u015flar\u0131nda yar\u0131\u015fmaya hak kazanan 16 yerli [&hellip;]<\/p>\n","protected":false},"author":1,"featured_media":4300,"parent":1851,"menu_order":0,"comment_status":"closed","ping_status":"closed","template":"","meta":[],"_links":{"self":[{"href":"https:\/\/www.saitem.org\/tr\/wp-json\/wp\/v2\/pages\/4296"}],"collection":[{"href":"https:\/\/www.saitem.org\/tr\/wp-json\/wp\/v2\/pages"}],"about":[{"href":"https:\/\/www.saitem.org\/tr\/wp-json\/wp\/v2\/types\/page"}],"author":[{"embeddable":true,"href":"https:\/\/www.saitem.org\/tr\/wp-json\/wp\/v2\/users\/1"}],"replies":[{"embeddable":true,"href":"https:\/\/www.saitem.org\/tr\/wp-json\/wp\/v2\/comments?post=4296"}],"version-history":[{"count":5,"href":"https:\/\/www.saitem.org\/tr\/wp-json\/wp\/v2\/pages\/4296\/revisions"}],"predecessor-version":[{"id":4308,"href":"https:\/\/www.saitem.org\/tr\/wp-json\/wp\/v2\/pages\/4296\/revisions\/4308"}],"up":[{"embeddable":true,"href":"https:\/\/www.saitem.org\/tr\/wp-json\/wp\/v2\/pages\/1851"}],"wp:featuredmedia":[{"embeddable":true,"href":"https:\/\/www.saitem.org\/tr\/wp-json\/wp\/v2\/media\/4300"}],"wp:attachment":[{"href":"https:\/\/www.saitem.org\/tr\/wp-json\/wp\/v2\/media?parent=4296"}],"curies":[{"name":"wp","href":"https:\/\/api.w.org\/{rel}","templated":true}]}}