{"id":4167,"date":"2019-01-20T15:29:06","date_gmt":"2019-01-20T12:29:06","guid":{"rendered":"http:\/\/www.saitem.org\/tr\/?page_id=4167"},"modified":"2023-06-12T21:07:42","modified_gmt":"2023-06-12T18:07:42","slug":"evr","status":"publish","type":"page","link":"https:\/\/www.saitem.org\/tr\/evrim\/evr\/","title":{"rendered":"EVrim 4"},"content":{"rendered":"<p><a href=\"https:\/\/www.saitem.org\/tr\/wp-content\/uploads\/728a7ee0-e5a1-4928-ac81-0878e915e712.jpg\"><img decoding=\"async\" loading=\"lazy\" width=\"1024\" height=\"678\" class=\"aligncenter size-large wp-image-4166\" src=\"https:\/\/www.saitem.org\/tr\/wp-content\/uploads\/728a7ee0-e5a1-4928-ac81-0878e915e712-1024x678.jpg\" alt=\"\" srcset=\"https:\/\/www.saitem.org\/tr\/wp-content\/uploads\/728a7ee0-e5a1-4928-ac81-0878e915e712-1024x678.jpg 1024w, https:\/\/www.saitem.org\/tr\/wp-content\/uploads\/728a7ee0-e5a1-4928-ac81-0878e915e712-300x199.jpg 300w, https:\/\/www.saitem.org\/tr\/wp-content\/uploads\/728a7ee0-e5a1-4928-ac81-0878e915e712-768x508.jpg 768w, https:\/\/www.saitem.org\/tr\/wp-content\/uploads\/728a7ee0-e5a1-4928-ac81-0878e915e712.jpg 1600w\" sizes=\"(max-width: 1024px) 100vw, 1024px\" \/><\/a><\/p>\n<p style=\"text-align: left;\">Shell Eco Marathon Londra yar\u0131\u015f\u0131ndan sonra arac\u0131m\u0131z\u0131n tam performans\u0131n\u0131 g\u00f6rmek ad\u0131na Shell Eco Marathon yar\u0131\u015f\u0131na 21-23 Eyl\u00fcl 2018 tarihleri aras\u0131nda kat\u0131l\u0131m sa\u011fland\u0131. Londra yar\u0131\u015f\u0131ndan sonra k\u0131sa s\u00fcrede arac\u0131m\u0131zdaki teknik aksakl\u0131klar\u0131 gidererek, kat\u0131ld\u0131\u011f\u0131m\u0131z yar\u0131\u015fmada T\u00fcrkiye 2.\u2019si derecesi elde edildi. Ekip olarak EVrim-4 arac\u0131m\u0131z ile Shell Eco Marathon 2019 Londra, Shell Eco Marathon 2019 T\u00fcrkiye yar\u0131\u015flar\u0131na tekrar kat\u0131lmay\u0131 ve derece elde etmeyi hedeflemekteyiz.<\/p>\n","protected":false},"excerpt":{"rendered":"<p>Shell Eco Marathon Londra yar\u0131\u015f\u0131ndan sonra arac\u0131m\u0131z\u0131n tam performans\u0131n\u0131 g\u00f6rmek ad\u0131na Shell Eco Marathon yar\u0131\u015f\u0131na 21-23 Eyl\u00fcl 2018 tarihleri aras\u0131nda kat\u0131l\u0131m sa\u011fland\u0131. Londra yar\u0131\u015f\u0131ndan sonra k\u0131sa s\u00fcrede arac\u0131m\u0131zdaki teknik aksakl\u0131klar\u0131 gidererek, kat\u0131ld\u0131\u011f\u0131m\u0131z yar\u0131\u015fmada T\u00fcrkiye 2.\u2019si derecesi elde edildi. Ekip olarak EVrim-4 arac\u0131m\u0131z ile Shell Eco Marathon 2019 Londra, Shell Eco Marathon 2019 T\u00fcrkiye yar\u0131\u015flar\u0131na tekrar [&hellip;]<\/p>\n","protected":false},"author":1,"featured_media":0,"parent":1851,"menu_order":0,"comment_status":"closed","ping_status":"closed","template":"","meta":[],"_links":{"self":[{"href":"https:\/\/www.saitem.org\/tr\/wp-json\/wp\/v2\/pages\/4167"}],"collection":[{"href":"https:\/\/www.saitem.org\/tr\/wp-json\/wp\/v2\/pages"}],"about":[{"href":"https:\/\/www.saitem.org\/tr\/wp-json\/wp\/v2\/types\/page"}],"author":[{"embeddable":true,"href":"https:\/\/www.saitem.org\/tr\/wp-json\/wp\/v2\/users\/1"}],"replies":[{"embeddable":true,"href":"https:\/\/www.saitem.org\/tr\/wp-json\/wp\/v2\/comments?post=4167"}],"version-history":[{"count":2,"href":"https:\/\/www.saitem.org\/tr\/wp-json\/wp\/v2\/pages\/4167\/revisions"}],"predecessor-version":[{"id":4169,"href":"https:\/\/www.saitem.org\/tr\/wp-json\/wp\/v2\/pages\/4167\/revisions\/4169"}],"up":[{"embeddable":true,"href":"https:\/\/www.saitem.org\/tr\/wp-json\/wp\/v2\/pages\/1851"}],"wp:attachment":[{"href":"https:\/\/www.saitem.org\/tr\/wp-json\/wp\/v2\/media?parent=4167"}],"curies":[{"name":"wp","href":"https:\/\/api.w.org\/{rel}","templated":true}]}}