{"id":3533,"date":"2015-01-05T23:22:10","date_gmt":"2015-01-05T21:22:10","guid":{"rendered":"http:\/\/www.saitem.org\/tr\/?page_id=3533"},"modified":"2023-06-12T21:07:42","modified_gmt":"2023-06-12T18:07:42","slug":"evrim-3","status":"publish","type":"page","link":"https:\/\/www.saitem.org\/tr\/evrim\/evrim-3\/","title":{"rendered":"EVrim 3"},"content":{"rendered":"<p><a href=\"https:\/\/www.saitem.org\/tr\/wp-content\/uploads\/DSC_0603.jpg\"><img decoding=\"async\" loading=\"lazy\" class=\"alignnone  wp-image-3487\" alt=\"DSC_0603\" src=\"https:\/\/www.saitem.org\/tr\/wp-content\/uploads\/DSC_0603.jpg\" width=\"600\" height=\"400\" srcset=\"https:\/\/www.saitem.org\/tr\/wp-content\/uploads\/DSC_0603.jpg 4288w, https:\/\/www.saitem.org\/tr\/wp-content\/uploads\/DSC_0603-300x199.jpg 300w\" sizes=\"(max-width: 600px) 100vw, 600px\" \/><\/a><\/p>\n<p style=\"text-align: justify;\"><span style=\"color: #000000;\">\u00a0 \u00a0Shell&#8217;in, gen\u00e7leri gelece\u011fin enerji alternatifleri ile \u00e7al\u0131\u015fan ara\u00e7lar\u0131 geli\u015ftirmeye te\u015fvik etmek i\u00e7in her y\u0131l d\u00fczenledi\u011fi Shell Eco Marathon&#8217;a 2014 y\u0131l\u0131nda T\u00fcrkiye&#8217;den 20 ekip kat\u0131lm\u0131\u015ft\u0131r. Yar\u0131\u015fma 15-19 May\u0131s 2014 tarihleri aras\u0131nda Hollanda&#8217;n\u0131n Rotterdam kentinde d\u00fczenlenmi\u015ftir.\u00a0<\/span><\/p>\n<p style=\"text-align: justify;\"><span style=\"color: #000000;\">\u00a0 \u00a0Shell Eco Marathon yar\u0131\u015fmas\u0131na daha \u00f6nce EVrim ve EVrim 2 adl\u0131 ara\u00e7lar\u0131 ile kat\u0131lan ekibimiz, bu ara\u00e7lara g\u00f6re daha hafif, daha verimli olan EVrim 3 isimli arac\u0131yla kat\u0131lm\u0131\u015ft\u0131r. Ekibimiz taraf\u0131ndan \u00fcretilen T\u00fcrkiye&#8217;nin ilk ve Avrupa&#8217;n\u0131n en hafif karbon fiber jant\u0131 ilk defa bu yar\u0131\u015fmada kullan\u0131lm\u0131\u015ft\u0131r. Tasar\u0131mlar\u0131 ve \u00fcretimleri tamamen ekibimiz taraf\u0131ndan ger\u00e7ekle\u015ftirilen jant\u0131m\u0131z 900 gr a\u011f\u0131rl\u0131\u011f\u0131ndad\u0131r.\u00a0<\/span><\/p>\n<p style=\"text-align: justify;\"><span style=\"color: #000000;\">\u00a0 Teknik kontrollerden ba\u015far\u0131 bir \u015fekilde ge\u00e7en 16 tak\u0131m aras\u0131ndan ekibimiz Avrupa 8.&#8217;li\u011fi ve T\u00fcrkiye 1.&#8217;li\u011fi derecelerini alm\u0131\u015ft\u0131r. EVrim 3 isimli arac\u0131m\u0131z T\u00fcrkiye&#8217;nin en verimli elektrikli arac\u0131 \u00fcnvan\u0131n\u0131 korumu\u015f ve 1 kWh enerji ile 145 km yol katetmi\u015ftir.<\/span><\/p>\n","protected":false},"excerpt":{"rendered":"<p>\u00a0 \u00a0Shell&#8217;in, gen\u00e7leri gelece\u011fin enerji alternatifleri ile \u00e7al\u0131\u015fan ara\u00e7lar\u0131 geli\u015ftirmeye te\u015fvik etmek i\u00e7in her y\u0131l d\u00fczenledi\u011fi Shell Eco Marathon&#8217;a 2014 y\u0131l\u0131nda T\u00fcrkiye&#8217;den 20 ekip kat\u0131lm\u0131\u015ft\u0131r. Yar\u0131\u015fma 15-19 May\u0131s 2014 tarihleri aras\u0131nda Hollanda&#8217;n\u0131n Rotterdam kentinde d\u00fczenlenmi\u015ftir.\u00a0 \u00a0 \u00a0Shell Eco Marathon yar\u0131\u015fmas\u0131na daha \u00f6nce EVrim ve EVrim 2 adl\u0131 ara\u00e7lar\u0131 ile kat\u0131lan ekibimiz, bu ara\u00e7lara g\u00f6re daha [&hellip;]<\/p>\n","protected":false},"author":1,"featured_media":0,"parent":1851,"menu_order":0,"comment_status":"closed","ping_status":"closed","template":"","meta":[],"_links":{"self":[{"href":"https:\/\/www.saitem.org\/tr\/wp-json\/wp\/v2\/pages\/3533"}],"collection":[{"href":"https:\/\/www.saitem.org\/tr\/wp-json\/wp\/v2\/pages"}],"about":[{"href":"https:\/\/www.saitem.org\/tr\/wp-json\/wp\/v2\/types\/page"}],"author":[{"embeddable":true,"href":"https:\/\/www.saitem.org\/tr\/wp-json\/wp\/v2\/users\/1"}],"replies":[{"embeddable":true,"href":"https:\/\/www.saitem.org\/tr\/wp-json\/wp\/v2\/comments?post=3533"}],"version-history":[{"count":8,"href":"https:\/\/www.saitem.org\/tr\/wp-json\/wp\/v2\/pages\/3533\/revisions"}],"predecessor-version":[{"id":4312,"href":"https:\/\/www.saitem.org\/tr\/wp-json\/wp\/v2\/pages\/3533\/revisions\/4312"}],"up":[{"embeddable":true,"href":"https:\/\/www.saitem.org\/tr\/wp-json\/wp\/v2\/pages\/1851"}],"wp:attachment":[{"href":"https:\/\/www.saitem.org\/tr\/wp-json\/wp\/v2\/media?parent=3533"}],"curies":[{"name":"wp","href":"https:\/\/api.w.org\/{rel}","templated":true}]}}