{"id":2887,"date":"2013-08-28T00:06:59","date_gmt":"2013-08-27T21:06:59","guid":{"rendered":"http:\/\/www.saitem.org\/tr\/?page_id=2887"},"modified":"2025-12-13T14:33:07","modified_gmt":"2025-12-13T11:33:07","slug":"iletisim","status":"publish","type":"page","link":"https:\/\/www.saitem.org\/tr\/iletisim\/","title":{"rendered":"\u0130leti\u015fim"},"content":{"rendered":"<h3 style=\"text-align: center;\"><strong>Sosyal Medya Hesaplar\u0131<\/strong><\/h3>\n<h5 style=\"text-align: center;\"><strong><a href=\"https:\/\/www.instagram.com\/saitem\/\">Instagram<\/a><\/strong><\/h5>\n<h5 style=\"text-align: center;\"><strong><a href=\"https:\/\/www.linkedin.com\/company\/saitem\/\">Linkedin<\/a><\/strong><\/h5>\n<h5 style=\"text-align: center;\"><strong><a href=\"https:\/\/twitter.com\/SAITEM\">Twitter<\/a><\/strong><\/h5>\n<h5 style=\"text-align: center;\"><strong><a href=\"https:\/\/www.youtube.com\/@SAITEMVIDEO\">Youtube<\/a><\/strong><\/h5>\n<h5 style=\"text-align: center;\"><strong><a href=\"https:\/\/www.facebook.com\/saitem\">Facebook<\/a><\/strong><\/h5>\n<p style=\"text-align: center;\"><strong>Adres<\/strong><\/p>\n<h5 style=\"text-align: center;\"><\/h5>\n<p style=\"text-align: center;\">Sakarya \u00dcniversitesi \u0130leri Teknolojiler Uygulama Laboratuvar\u0131,<br \/>\nSakarya \u00dcniversitesi Esentepe Kamp\u00fcs\u00fc, 54050<\/p>\n<p style=\"text-align: center;\">Serdivan\/SAKARYA<\/p>\n<p style=\"text-align: center;\">\n<p style=\"text-align: center;\"><strong>Ekip Ba\u015fkan\u0131 &#8211; \u0130leti\u015fim\u00a0<\/strong><\/p>\n<p style=\"text-align: center;\">\u00a0 \u00a0 \u00a0 \u00a0 \u00a0 Berk Can G\u00dcLMEZ\u00a0&#8211; berkcangulmez@saitem.org<\/p>\n<p style=\"text-align: center;\"><iframe loading=\"lazy\" src=\"https:\/\/maps.google.com\/maps?f=q&amp;source=s_q&amp;hl=tr&amp;geocode=&amp;q=Sakarya+%C3%9Cniversitesi+%C4%B0leri+Teknolojiler+Uygulama+Laboratuvar%C4%B1-SA%C4%B0TEM,+Sakarya,+T%C3%BCrkiye&amp;aq=0&amp;oq=Sakarya+%C3%9Cniversitesi+%C4%B0leri+Teknoloji&amp;sll=40.979898,32.13501&amp;sspn=4.743843,8.404541&amp;ie=UTF8&amp;hq=Sakarya+%C3%9Cniversitesi+%C4%B0leri+Teknolojiler+Uygulama+Laboratuvar%C4%B1-SA%C4%B0TEM,&amp;hnear=Sakarya,+T%C3%BCrkiye&amp;t=h&amp;ll=40.742185,30.331364&amp;spn=0.01138,0.027895&amp;z=15&amp;output=embed\" width=\"650\" height=\"350\" frameborder=\"0\" marginwidth=\"0\" marginheight=\"0\" scrolling=\"no\"><\/iframe><\/p>\n","protected":false},"excerpt":{"rendered":"<p>Sosyal Medya Hesaplar\u0131 Instagram Linkedin Twitter Youtube Facebook Adres Sakarya \u00dcniversitesi \u0130leri Teknolojiler Uygulama Laboratuvar\u0131, Sakarya \u00dcniversitesi Esentepe Kamp\u00fcs\u00fc, 54050 Serdivan\/SAKARYA Ekip Ba\u015fkan\u0131 &#8211; \u0130leti\u015fim\u00a0 \u00a0 \u00a0 \u00a0 \u00a0 \u00a0 Berk Can G\u00dcLMEZ\u00a0&#8211; berkcangulmez@saitem.org<\/p>\n","protected":false},"author":1,"featured_media":0,"parent":0,"menu_order":0,"comment_status":"closed","ping_status":"open","template":"","meta":[],"_links":{"self":[{"href":"https:\/\/www.saitem.org\/tr\/wp-json\/wp\/v2\/pages\/2887"}],"collection":[{"href":"https:\/\/www.saitem.org\/tr\/wp-json\/wp\/v2\/pages"}],"about":[{"href":"https:\/\/www.saitem.org\/tr\/wp-json\/wp\/v2\/types\/page"}],"author":[{"embeddable":true,"href":"https:\/\/www.saitem.org\/tr\/wp-json\/wp\/v2\/users\/1"}],"replies":[{"embeddable":true,"href":"https:\/\/www.saitem.org\/tr\/wp-json\/wp\/v2\/comments?post=2887"}],"version-history":[{"count":21,"href":"https:\/\/www.saitem.org\/tr\/wp-json\/wp\/v2\/pages\/2887\/revisions"}],"predecessor-version":[{"id":6360,"href":"https:\/\/www.saitem.org\/tr\/wp-json\/wp\/v2\/pages\/2887\/revisions\/6360"}],"wp:attachment":[{"href":"https:\/\/www.saitem.org\/tr\/wp-json\/wp\/v2\/media?parent=2887"}],"curies":[{"name":"wp","href":"https:\/\/api.w.org\/{rel}","templated":true}]}}