{"id":2766,"date":"2013-05-31T00:35:57","date_gmt":"2013-05-30T21:35:57","guid":{"rendered":"http:\/\/www.saitem.org\/2013t\/?page_id=2766"},"modified":"2023-06-12T21:07:42","modified_gmt":"2023-06-12T18:07:42","slug":"evrim-2","status":"publish","type":"page","link":"https:\/\/www.saitem.org\/tr\/evrim\/evrim-2\/","title":{"rendered":"EVrim 2"},"content":{"rendered":"<p><a href=\"https:\/\/www.saitem.org\/tr\/wp-content\/uploads\/2013\/05\/182961_10152853161355105_343500541_n1.jpg\"><img decoding=\"async\" loading=\"lazy\" class=\"alignnone  wp-image-2684\" alt=\"182961_10152853161355105_343500541_n\" src=\"https:\/\/www.saitem.org\/tr\/wp-content\/uploads\/2013\/05\/182961_10152853161355105_343500541_n1.jpg\" width=\"605\" height=\"401\" srcset=\"https:\/\/www.saitem.org\/tr\/wp-content\/uploads\/2013\/05\/182961_10152853161355105_343500541_n1.jpg 960w, https:\/\/www.saitem.org\/tr\/wp-content\/uploads\/2013\/05\/182961_10152853161355105_343500541_n1-300x199.jpg 300w\" sizes=\"(max-width: 605px) 100vw, 605px\" \/><\/a><\/p>\n<p style=\"text-align: justify;\">\u00a0 <span style=\"color: #000000;\">\u00a0EVrim \u00a0adl\u0131 elektrikli ara\u00e7 ile Shell Eco Marathon 2012 de \u00fclkemizi temsil eden ekibimiz 2013 y\u0131l\u0131ndaki yar\u0131\u015f i\u00e7in \u00e7al\u0131\u015fmalar\u0131na aral\u0131ks\u0131z devam etmi\u015ftir. 2012 y\u0131l\u0131nda elde edilen ba\u015far\u0131y\u0131 daha da ileri ta\u015f\u0131mak isteyen SA\u0130TEM EVrim 2\u2019yi hayata ge\u00e7irmi\u015ftir.<\/span><\/p>\n<p style=\"text-align: justify;\"><span style=\"color: #000000;\">\u00a0 \u00a0Shell Eco Marathon 2013 \u2018 e 24 \u00fclkeden 183 \u00f6\u011frenci tak\u0131m\u0131 kat\u0131lm\u0131\u015ft\u0131r. T\u00fcrkiyeden ise 7 \u015fehirden 13 tak\u0131m yer alm\u0131\u015ft\u0131r. Elektrikli arac\u0131m\u0131z EVrim\u00a0 2 ile Shell Eco Marathon 2013 de \u015fehir konsepti\u00a0kategorisinde \u00a0&#8216;ak\u00fc beslemeli elektrik&#8217; s\u0131n\u0131f\u0131nda yer ald\u0131k. Bu kategoride T\u00fcrkiye den 3 tak\u0131m yer al\u0131rken toplamda \u015fehir konsepti ak\u00fc beslemeli elektrik s\u0131n\u0131f\u0131nda 35 tak\u0131m yer ald\u0131. 2012 y\u0131l\u0131na nazaran daha haz\u0131r ve tecr\u00fcbeli kat\u0131ld\u0131\u011f\u0131m\u0131z bu yar\u0131\u015fta elimizden gelen t\u00fcm imkanlar\u0131 kullanarak en iyisini yapmaya \u00e7al\u0131\u015ft\u0131k. Ge\u00e7en y\u0131la g\u00f6re daha fazla kat\u0131l\u0131mc\u0131n\u0131n yer ald\u0131\u011f\u0131 \u015fehir konsepti ak\u00fc beslemeli elektrik kategorisinde birbirinden zorlu rakiplerin yan\u0131 s\u0131ra do\u011fayla da m\u00fccadele etmemiz gerekti. Yar\u0131\u015f boyu s\u00fcren yo\u011fun ya\u011f\u0131\u015f hem test turlar\u0131nda hem de yar\u0131\u015f boyu ekibimizi ve arac\u0131m\u0131z\u0131 zorlad\u0131. 19 May\u0131s g\u00fcn\u00fc tamamlanan yar\u0131\u015f turlar\u0131 sonucunda EVrim2 \u00a01 kwh l\u0131k elektrikle 139.03 km yol katederek Avrupa 7.&#8217;si, T\u00fcrkiye 1.&#8217;si oldu.\u00a0<\/span><\/p>\n<p style=\"text-align: justify;\"><span style=\"color: #000000;\">\u00a0 \u00a0T\u00fcrkiye den SEM \u2018 e kat\u0131lan di\u011fer 12 \u00f6\u011frenci tak\u0131m\u0131ndan \u00a0Yeditepe \u00dcniversitesi&#8217;nden Cereyan 7 tak\u0131m\u0131 ise 75,24 km-kW\/saat\u00a0derecesiyle Avrupa 12.si oldu.\u00a0Prototip kategorisinde 36 tak\u0131m\u0131n kat\u0131ld\u0131\u011f\u0131\u00a0&#8216;ak\u00fc beslemeli elektrik&#8217;\u00a0s\u0131n\u0131f\u0131nda\u00a0Celal Bayar \u00dcniversitesi &#8216;den EcoMagnesia tak\u0131m\u0131 206.82 km-kW\/saat\u00a0derecesiyle 20. ve Y\u0131ld\u0131z Teknik \u00dcniversitesi&#8217;nden Ae2Project tak\u0131m\u0131 132.10 km-kW\/saat\u00a0derecesiyle 25. s\u0131rada yer ald\u0131.<\/span><\/p>\n<p>&nbsp;<\/p>\n<p>&nbsp;<\/p>\n","protected":false},"excerpt":{"rendered":"<p>\u00a0 \u00a0EVrim \u00a0adl\u0131 elektrikli ara\u00e7 ile Shell Eco Marathon 2012 de \u00fclkemizi temsil eden ekibimiz 2013 y\u0131l\u0131ndaki yar\u0131\u015f i\u00e7in \u00e7al\u0131\u015fmalar\u0131na aral\u0131ks\u0131z devam etmi\u015ftir. 2012 y\u0131l\u0131nda elde edilen ba\u015far\u0131y\u0131 daha da ileri ta\u015f\u0131mak isteyen SA\u0130TEM EVrim 2\u2019yi hayata ge\u00e7irmi\u015ftir. \u00a0 \u00a0Shell Eco Marathon 2013 \u2018 e 24 \u00fclkeden 183 \u00f6\u011frenci tak\u0131m\u0131 kat\u0131lm\u0131\u015ft\u0131r. T\u00fcrkiyeden ise 7 \u015fehirden [&hellip;]<\/p>\n","protected":false},"author":1,"featured_media":0,"parent":1851,"menu_order":2,"comment_status":"closed","ping_status":"open","template":"","meta":[],"_links":{"self":[{"href":"https:\/\/www.saitem.org\/tr\/wp-json\/wp\/v2\/pages\/2766"}],"collection":[{"href":"https:\/\/www.saitem.org\/tr\/wp-json\/wp\/v2\/pages"}],"about":[{"href":"https:\/\/www.saitem.org\/tr\/wp-json\/wp\/v2\/types\/page"}],"author":[{"embeddable":true,"href":"https:\/\/www.saitem.org\/tr\/wp-json\/wp\/v2\/users\/1"}],"replies":[{"embeddable":true,"href":"https:\/\/www.saitem.org\/tr\/wp-json\/wp\/v2\/comments?post=2766"}],"version-history":[{"count":8,"href":"https:\/\/www.saitem.org\/tr\/wp-json\/wp\/v2\/pages\/2766\/revisions"}],"predecessor-version":[{"id":5935,"href":"https:\/\/www.saitem.org\/tr\/wp-json\/wp\/v2\/pages\/2766\/revisions\/5935"}],"up":[{"embeddable":true,"href":"https:\/\/www.saitem.org\/tr\/wp-json\/wp\/v2\/pages\/1851"}],"wp:attachment":[{"href":"https:\/\/www.saitem.org\/tr\/wp-json\/wp\/v2\/media?parent=2766"}],"curies":[{"name":"wp","href":"https:\/\/api.w.org\/{rel}","templated":true}]}}