{"id":2764,"date":"2013-05-31T00:35:48","date_gmt":"2013-05-30T21:35:48","guid":{"rendered":"http:\/\/www.saitem.org\/2013t\/?page_id=2764"},"modified":"2024-07-30T16:50:44","modified_gmt":"2024-07-30T13:50:44","slug":"evrim","status":"publish","type":"page","link":"https:\/\/www.saitem.org\/tr\/evrim\/evrim\/","title":{"rendered":"EVrim"},"content":{"rendered":"<p><a href=\"https:\/\/www.saitem.org\/tr\/wp-content\/uploads\/2012\/08\/EVrim-1.jpg\"><img decoding=\"async\" loading=\"lazy\" class=\"aligncenter wp-image-2380 size-full\" src=\"https:\/\/www.saitem.org\/tr\/wp-content\/uploads\/2012\/08\/EVrim-1.jpg\" alt=\"EVrim - (1)\" width=\"800\" height=\"533\" srcset=\"https:\/\/www.saitem.org\/tr\/wp-content\/uploads\/2012\/08\/EVrim-1.jpg 800w, https:\/\/www.saitem.org\/tr\/wp-content\/uploads\/2012\/08\/EVrim-1-300x199.jpg 300w\" sizes=\"(max-width: 800px) 100vw, 800px\" \/><\/a><\/p>\n<p style=\"text-align: justify;\"><span style=\"color: #000000;\">\u00a0 \u00a0Daha \u00f6nce tasarlad\u0131\u011f\u0131m\u0131z ve \u00fcretti\u011fimiz SAHIMO isimli hidrojenli arac\u0131m\u0131z gibi yine binek otomobil (UrbanConcept) s\u0131n\u0131f\u0131nda haz\u0131rlad\u0131\u011f\u0131m\u0131z elektrikli arac\u0131m\u0131z EVrim ile beraber Shell Eco Marathon&#8217;a ilk defa farkl\u0131 bir kategoride kat\u0131ld\u0131k. Tamam\u0131yla SAITEM \u00fcyeleri taraf\u0131ndan tasarlanan EVrim, SAITEM taraf\u0131ndan geli\u015ftirilmi\u015f ve enerji sorunlar\u0131na \u00e7\u00f6z\u00fcm \u00fcretmek amac\u0131yla d\u00fc\u015f\u00fcn\u00fclm\u00fc\u015f \u00f6nemli bir projedir.<\/span><\/p>\n<p style=\"text-align: justify;\"><span style=\"color: #000000;\">\u00a0 Shell Eco Marathon&#8217;da iki y\u0131l \u00fcst \u00fcste Avrupa 3.l\u00fc\u011f\u00fc alan SAHIMO \u2018 nun ba\u015far\u0131s\u0131n\u0131 yakalanmak amac\u0131yla \u00fcretilen EVrim, ekibimizin yeni g\u00f6z bebe\u011fi olmu\u015ftur. Hollanda&#8217;n\u0131n Rotterdam kentinde d\u00fczenlenen Shell Eco Marathon 2012 yar\u0131\u015f\u0131nda EVrim Avrupa 7.&#8217;si T\u00fcrkiye 1.&#8217;si olarak yurda d\u00f6nm\u00fc\u015f, okulumuzu ve \u00fclkemizi ba\u015far\u0131yla temsil etmi\u015ftir.<\/span><\/p>\n<p style=\"text-align: justify;\"><span style=\"color: #000000;\">\u00a0 1 kWh yani 10 tane 100W ampul\u00fcn bir saatte harcad\u0131\u011f\u0131 kadar d\u00fc\u015f\u00fck miktarda enerji sarfiyat\u0131yla tam 130 km yol kateden EVrim&#8217;in verimlili\u011finin daha da ileriye ta\u015f\u0131nmas\u0131 ve bu derecesini iyile\u015ftirmesi planlanmaktad\u0131r.<\/span><\/p>\n<p style=\"text-align: justify;\"><span style=\"color: #000000;\">\u00a0 Ayr\u0131ca EVrim&#8217;le beraber SAITEM \u00f6nemli Ar-Ge \u00e7al\u0131\u015fmalar\u0131na imza atm\u0131\u015ft\u0131r. Tamam\u0131yla \u00f6\u011frenciler taraf\u0131ndan tasarlanan ve Akif Otomotiv ile i\u015fbirli\u011fi i\u00e7erinde \u00fcretilen HUB motor bir \u00f6\u011frenci toplulu\u011fu i\u00e7in olduk\u00e7a ciddi ve \u00f6nemli bir proje ve \u00fcr\u00fcnd\u00fcr. Ayr\u0131ca prototip ama\u00e7l\u0131 \u00fcretilen ve daha sonra kullan\u0131lmas\u0131 planlanan Pre-Preg karbon fiber jantlarda di\u011fer bir Ar-Ge \u00e7al\u0131\u015fmas\u0131 olarak \u00f6n plana \u00e7\u0131kmaktad\u0131r.<\/span><\/p>\n","protected":false},"excerpt":{"rendered":"<p>\u00a0 \u00a0Daha \u00f6nce tasarlad\u0131\u011f\u0131m\u0131z ve \u00fcretti\u011fimiz SAHIMO isimli hidrojenli arac\u0131m\u0131z gibi yine binek otomobil (UrbanConcept) s\u0131n\u0131f\u0131nda haz\u0131rlad\u0131\u011f\u0131m\u0131z elektrikli arac\u0131m\u0131z EVrim ile beraber Shell Eco Marathon&#8217;a ilk defa farkl\u0131 bir kategoride kat\u0131ld\u0131k. Tamam\u0131yla SAITEM \u00fcyeleri taraf\u0131ndan tasarlanan EVrim, SAITEM taraf\u0131ndan geli\u015ftirilmi\u015f ve enerji sorunlar\u0131na \u00e7\u00f6z\u00fcm \u00fcretmek amac\u0131yla d\u00fc\u015f\u00fcn\u00fclm\u00fc\u015f \u00f6nemli bir projedir. \u00a0 Shell Eco Marathon&#8217;da iki [&hellip;]<\/p>\n","protected":false},"author":1,"featured_media":0,"parent":1851,"menu_order":1,"comment_status":"closed","ping_status":"open","template":"","meta":[],"_links":{"self":[{"href":"https:\/\/www.saitem.org\/tr\/wp-json\/wp\/v2\/pages\/2764"}],"collection":[{"href":"https:\/\/www.saitem.org\/tr\/wp-json\/wp\/v2\/pages"}],"about":[{"href":"https:\/\/www.saitem.org\/tr\/wp-json\/wp\/v2\/types\/page"}],"author":[{"embeddable":true,"href":"https:\/\/www.saitem.org\/tr\/wp-json\/wp\/v2\/users\/1"}],"replies":[{"embeddable":true,"href":"https:\/\/www.saitem.org\/tr\/wp-json\/wp\/v2\/comments?post=2764"}],"version-history":[{"count":14,"href":"https:\/\/www.saitem.org\/tr\/wp-json\/wp\/v2\/pages\/2764\/revisions"}],"predecessor-version":[{"id":6212,"href":"https:\/\/www.saitem.org\/tr\/wp-json\/wp\/v2\/pages\/2764\/revisions\/6212"}],"up":[{"embeddable":true,"href":"https:\/\/www.saitem.org\/tr\/wp-json\/wp\/v2\/pages\/1851"}],"wp:attachment":[{"href":"https:\/\/www.saitem.org\/tr\/wp-json\/wp\/v2\/media?parent=2764"}],"curies":[{"name":"wp","href":"https:\/\/api.w.org\/{rel}","templated":true}]}}