{"id":2758,"date":"2013-05-31T00:31:16","date_gmt":"2013-05-30T21:31:16","guid":{"rendered":"http:\/\/www.saitem.org\/2013t\/?page_id=2758"},"modified":"2023-06-12T21:07:43","modified_gmt":"2023-06-12T18:07:43","slug":"sahimo-x3","status":"publish","type":"page","link":"https:\/\/www.saitem.org\/tr\/sahimo-2\/sahimo-x3\/","title":{"rendered":"SAH\u0130MO X3"},"content":{"rendered":"<p style=\"text-align: justify;\"><span style=\"color: #000000;\">\u00a0 Bu proje ile SA\u0130TEM, Avrupa\u2019daki ilk ba\u015far\u0131s\u0131n\u0131 elde etmi\u015ftir. SA\u0130TEM\u2019in bu serideki arac\u0131 \u00fczerinde \u00e7e\u015fitli \u00e7al\u0131\u015fmalar yap\u0131lm\u0131\u015ft\u0131r. Kompozit teknolojisi kullanarak ara\u00e7 hafifle\u015ftirilmi\u015f ve a\u011f\u0131rl\u0131\u011f\u0131 130 kg\u2019a kadar d\u00fc\u015f\u00fcr\u00fclm\u00fc\u015ft\u00fcr. Ara\u00e7taki bir di\u011fer \u00f6zellik ise verimli motorudur. Bunlar\u0131n yan\u0131 s\u0131ra elektrik &#8211; elektronik anlamda da \u00e7al\u0131\u015fmalar yap\u0131lm\u0131\u015ft\u0131r. RF telemetri sistemi ilk olarak bu ara\u00e7 \u00fczerinde denenmi\u015ftir.<\/span><\/p>\n<p style=\"text-align: justify;\"><span style=\"color: #000000;\">\u00a0 \u00a0Bir\u00e7ok alanda yar\u0131\u015fmas\u0131 i\u00e7in tasarlanan SAHIMO X3 yakla\u015f\u0131k 110.000 dolara mal olmu\u015ftur. Ayr\u0131ca bu ara\u00e7 MEKANO firmas\u0131n\u0131n deste\u011fi ile b\u00fcy\u00fck yol kat etmi\u015f ve SAHIMO MEKANO ismi ile an\u0131lm\u0131\u015ft\u0131r.<\/span><\/p>\n<p style=\"text-align: justify;\"><span style=\"color: #000000;\">\u00a0 Arac\u0131n eskizleri ve \u00e7amur modeli SA\u0130TEM\u2019in \u00a0\u00fcyelerinden Kenan BAYSAL taraf\u0131ndan yap\u0131lm\u0131\u015ft\u0131r. Daha sonra arac\u0131m\u0131z \u00e7amur modelden tarat\u0131larak bilgisayar ortam\u0131na aktar\u0131lm\u0131\u015ft\u0131r.\u00a0<\/span><\/p>\n<p style=\"text-align: justify;\"><span style=\"color: #000000;\">Bu proje kapsam\u0131nda;<\/span><\/p>\n<p style=\"text-align: justify;\"><span style=\"color: #000000;\">\u00a0 SAHIMO X3 Fransa&#8217;da d\u00fczenlenen Shell Eco-Marathon yar\u0131\u015f\u0131nda \u015fehir arabalar\u0131 kategorisinde 1 litre benzine e\u015f de\u011fer hidrojen ile 453 km yol katederek Avrupa\u2019n\u0131n en verimli 3. arac\u0131 olmu\u015ftur. T\u00fcrkiye\u2019nin bu yar\u0131\u015fta ald\u0131\u011f\u0131 en iyi derece 2008 y\u0131l\u0131nda SAHIMO taraf\u0131ndan elde edilmi\u015ftir.<\/span><\/p>\n","protected":false},"excerpt":{"rendered":"<p>\u00a0 Bu proje ile SA\u0130TEM, Avrupa\u2019daki ilk ba\u015far\u0131s\u0131n\u0131 elde etmi\u015ftir. SA\u0130TEM\u2019in bu serideki arac\u0131 \u00fczerinde \u00e7e\u015fitli \u00e7al\u0131\u015fmalar yap\u0131lm\u0131\u015ft\u0131r. Kompozit teknolojisi kullanarak ara\u00e7 hafifle\u015ftirilmi\u015f ve a\u011f\u0131rl\u0131\u011f\u0131 130 kg\u2019a kadar d\u00fc\u015f\u00fcr\u00fclm\u00fc\u015ft\u00fcr. Ara\u00e7taki bir di\u011fer \u00f6zellik ise verimli motorudur. Bunlar\u0131n yan\u0131 s\u0131ra elektrik &#8211; elektronik anlamda da \u00e7al\u0131\u015fmalar yap\u0131lm\u0131\u015ft\u0131r. RF telemetri sistemi ilk olarak bu ara\u00e7 \u00fczerinde denenmi\u015ftir. [&hellip;]<\/p>\n","protected":false},"author":1,"featured_media":0,"parent":1849,"menu_order":1,"comment_status":"closed","ping_status":"open","template":"","meta":[],"_links":{"self":[{"href":"https:\/\/www.saitem.org\/tr\/wp-json\/wp\/v2\/pages\/2758"}],"collection":[{"href":"https:\/\/www.saitem.org\/tr\/wp-json\/wp\/v2\/pages"}],"about":[{"href":"https:\/\/www.saitem.org\/tr\/wp-json\/wp\/v2\/types\/page"}],"author":[{"embeddable":true,"href":"https:\/\/www.saitem.org\/tr\/wp-json\/wp\/v2\/users\/1"}],"replies":[{"embeddable":true,"href":"https:\/\/www.saitem.org\/tr\/wp-json\/wp\/v2\/comments?post=2758"}],"version-history":[{"count":6,"href":"https:\/\/www.saitem.org\/tr\/wp-json\/wp\/v2\/pages\/2758\/revisions"}],"predecessor-version":[{"id":5941,"href":"https:\/\/www.saitem.org\/tr\/wp-json\/wp\/v2\/pages\/2758\/revisions\/5941"}],"up":[{"embeddable":true,"href":"https:\/\/www.saitem.org\/tr\/wp-json\/wp\/v2\/pages\/1849"}],"wp:attachment":[{"href":"https:\/\/www.saitem.org\/tr\/wp-json\/wp\/v2\/media?parent=2758"}],"curies":[{"name":"wp","href":"https:\/\/api.w.org\/{rel}","templated":true}]}}