{"id":2749,"date":"2013-05-31T00:23:42","date_gmt":"2013-05-30T21:23:42","guid":{"rendered":"http:\/\/www.saitem.org\/2013t\/?page_id=2749"},"modified":"2023-06-12T21:07:44","modified_gmt":"2023-06-12T18:07:44","slug":"saguar-2","status":"publish","type":"page","link":"https:\/\/www.saitem.org\/tr\/saguar-2\/","title":{"rendered":"SAGUAR 2"},"content":{"rendered":"<p><a href=\"https:\/\/www.saitem.org\/tr\/wp-content\/uploads\/SAGUAR-21.jpg\"><img decoding=\"async\" loading=\"lazy\" class=\"alignnone  wp-image-2900\" alt=\"SAGUAR-2\" src=\"https:\/\/www.saitem.org\/tr\/wp-content\/uploads\/SAGUAR-21-1024x604.jpg\" width=\"614\" height=\"362\" srcset=\"https:\/\/www.saitem.org\/tr\/wp-content\/uploads\/SAGUAR-21-1024x604.jpg 1024w, https:\/\/www.saitem.org\/tr\/wp-content\/uploads\/SAGUAR-21-300x176.jpg 300w\" sizes=\"(max-width: 614px) 100vw, 614px\" \/><\/a><\/p>\n<p style=\"text-align: justify;\"><span style=\"color: #000000;\">Saguar 2 Saguar NL (New Legend) &#8216;den sonra hem ulusal hem uluslararas\u0131 yar\u0131\u015flar i\u00e7in tasarlanm\u0131\u015ft\u0131r. Y\u00fcksek aerodinamik yap\u0131s\u0131, verimlili\u011fi ve h\u0131z\u0131 ile \u00f6n plana \u00e7\u0131kan Saguar 2, 2011 World Solar Challenge D\u00fcnya 14. s\u00fc ve\u00a0 Formula G 2013 &#8211; Formula G 2014 \u00a0T\u00fcrkiye 1. sidir.<\/span><\/p>\n<p style=\"text-align: justify;\"><span style=\"color: #000000;\"><strong>SAGUAR 2 Teknik \u00d6zellikleri<\/strong><\/span><\/p>\n<p style=\"text-align: justify;\"><span style=\"color: #000000;\"><strong>Malzeme:<\/strong> %100 karbon fiber kompozit<\/span><br \/>\n<span style=\"color: #000000;\"> <strong>Uzunluk:<\/strong> 4461,5 mm<\/span><br \/>\n<span style=\"color: #000000;\"> <strong>Geni\u015flik :<\/strong> 1799,6 mm<\/span><br \/>\n<span style=\"color: #000000;\"> <strong>Motor:<\/strong> DC Permanent Magnet<\/span><br \/>\n<span style=\"color: #000000;\"> <strong>Motor G\u00fcc\u00fc:<\/strong>\u00a01.8 kW<\/span><br \/>\n<span style=\"color: #000000;\"> <strong>A\u011f\u0131rl\u0131k:<\/strong> 169 kg<br \/>\n<strong>Maksimum H\u0131z:<\/strong> 145 km\/h<br \/>\n<strong>Panel:\u00a0<\/strong>Gochermann g\u00fcne\u015f panelleri %24 verimli<br \/>\n<strong>Proje maliyeti :<\/strong>\u00a0\u2248185 bin TL<\/span><\/p>\n<p>&nbsp;<\/p>\n","protected":false},"excerpt":{"rendered":"<p>Saguar 2 Saguar NL (New Legend) &#8216;den sonra hem ulusal hem uluslararas\u0131 yar\u0131\u015flar i\u00e7in tasarlanm\u0131\u015ft\u0131r. Y\u00fcksek aerodinamik yap\u0131s\u0131, verimlili\u011fi ve h\u0131z\u0131 ile \u00f6n plana \u00e7\u0131kan Saguar 2, 2011 World Solar Challenge D\u00fcnya 14. s\u00fc ve\u00a0 Formula G 2013 &#8211; Formula G 2014 \u00a0T\u00fcrkiye 1. sidir. SAGUAR 2 Teknik \u00d6zellikleri Malzeme: %100 karbon fiber kompozit Uzunluk: [&hellip;]<\/p>\n","protected":false},"author":1,"featured_media":0,"parent":0,"menu_order":4,"comment_status":"closed","ping_status":"open","template":"","meta":[],"_links":{"self":[{"href":"https:\/\/www.saitem.org\/tr\/wp-json\/wp\/v2\/pages\/2749"}],"collection":[{"href":"https:\/\/www.saitem.org\/tr\/wp-json\/wp\/v2\/pages"}],"about":[{"href":"https:\/\/www.saitem.org\/tr\/wp-json\/wp\/v2\/types\/page"}],"author":[{"embeddable":true,"href":"https:\/\/www.saitem.org\/tr\/wp-json\/wp\/v2\/users\/1"}],"replies":[{"embeddable":true,"href":"https:\/\/www.saitem.org\/tr\/wp-json\/wp\/v2\/comments?post=2749"}],"version-history":[{"count":23,"href":"https:\/\/www.saitem.org\/tr\/wp-json\/wp\/v2\/pages\/2749\/revisions"}],"predecessor-version":[{"id":3510,"href":"https:\/\/www.saitem.org\/tr\/wp-json\/wp\/v2\/pages\/2749\/revisions\/3510"}],"wp:attachment":[{"href":"https:\/\/www.saitem.org\/tr\/wp-json\/wp\/v2\/media?parent=2749"}],"curies":[{"name":"wp","href":"https:\/\/api.w.org\/{rel}","templated":true}]}}