{"id":2741,"date":"2013-05-31T00:22:11","date_gmt":"2013-05-30T21:22:11","guid":{"rendered":"http:\/\/www.saitem.org\/2013t\/?page_id=2741"},"modified":"2023-06-12T21:07:43","modified_gmt":"2023-06-12T18:07:43","slug":"saguar-nl","status":"publish","type":"page","link":"https:\/\/www.saitem.org\/tr\/saguar-3\/saguar-nl\/","title":{"rendered":"SAGUAR NL"},"content":{"rendered":"<style type=\"text\/css\"><!--\nP { margin-bottom: 0.21cm; direction: ltr; color: rgb(0, 0, 0); widows: 2; orphans: 2; }\n--><\/style>\n<p style=\"text-align: justify;\"><span style=\"color: #000000;\">\u00a0 \u00a0Saguar NL (New Legend), SA\u0130TEM\u2019in uluslararas\u0131 arenada ortaya koydu\u011fu ilk g\u00fcne\u015f enerjili ara\u00e7 projesidir. SAGUAR X serisinden sonra \u00fcretilen ilk ara\u00e7 olmas\u0131 sebebiyle, araca NL ad\u0131 verilmi\u015ftir. Ayr\u0131ca NL, SA\u0130TEM\u2019in \u00fcretti\u011fi tamam\u0131 elyaf takviyeli kompozit yap\u0131da olan ilk ara\u00e7t\u0131r.<\/span><\/p>\n<p style=\"text-align: justify;\"><span style=\"color: #000000;\">\u00a0 SAGUAR NL, Avustralya World Solar Challenge 2009 i\u00e7in tasarlanarak \u00fcretilmi\u015ftir. O y\u0131la kadar ger\u00e7ekle\u015ftirilen en b\u00fcy\u00fck b\u00fct\u00e7eli \u00f6\u011frenci projelerinden biridir. SAGUAR NL Avustralya World Solar Challenge\u2019da kendi kategorisinde (silikon esasl\u0131 g\u00fcne\u015f panelleri) d\u00fcnyada 9. s\u0131rada, genel kategori de ise (ga-as ve silicon) \u00a014. s\u0131rada yer alm\u0131\u015ft\u0131r.<\/span><\/p>\n<p style=\"text-align: justify;\"><span style=\"color: #000000;\"><span style=\"font-family: Arial,serif;\"><span style=\"font-size: small;\"><strong>SAGUAR NL Teknik \u00d6zellikleri<\/strong><\/span><\/span><\/span><\/p>\n<p style=\"text-align: justify;\"><span style=\"color: #000000;\"><span style=\"font-family: Arial,serif;\"><span style=\"font-size: small;\">%100 karbon fiber kompozit yap\u0131ya sahiptir.<\/span><\/span><span style=\"font-family: Arial,serif;\"><span style=\"font-size: small;\"><br \/>\n<\/span><\/span><span style=\"font-family: Arial,serif;\"><span style=\"font-size: small;\">Ara\u00e7 4.6 metre boya, 1.8 metre ene sahiptir.<\/span><\/span><span style=\"font-family: Arial,serif;\"><span style=\"font-size: small;\"><br \/>\n<\/span><\/span><span style=\"font-family: Arial,serif;\"><span style=\"font-size: small;\"><strong>Motor:<\/strong> DC Permanent Magnet<\/span><\/span><span style=\"font-family: Arial,serif;\"><span style=\"font-size: small;\"><br \/>\n<\/span><\/span><span style=\"font-family: Arial,serif;\"><span style=\"font-size: small;\"><strong>A\u011f\u0131rl\u0131k:<\/strong> 178 kg (4,5 kW batarya ile pilotsuz a\u011f\u0131rl\u0131k)<\/span><\/span><span style=\"font-family: Arial,serif;\"><span style=\"font-size: small;\"><br \/>\n<\/span><\/span><span style=\"font-family: Arial,serif;\"><span style=\"font-size: small;\"><strong>Motor G\u00fcc\u00fc:<\/strong>\u00a01.8 kW<\/span><\/span><span style=\"font-family: Arial,serif;\"><span style=\"font-size: small;\"><br \/>\n<\/span><\/span><span style=\"font-family: Arial,serif;\"><span style=\"font-size: small;\"><strong>Maksimum H\u0131z:<\/strong>\u00a0130 km\/h<\/span><\/span><span style=\"font-family: Arial,serif;\"><span style=\"font-size: small;\"><br \/>\n<\/span><\/span><span style=\"font-family: Arial,serif;\"><span style=\"font-size: small;\"><strong>Panel:<\/strong>\u00a0Gochermann g\u00fcne\u015f panelleri %24 verimli\u00a0<\/span><\/span><\/span><\/p>\n","protected":false},"excerpt":{"rendered":"<p>\u00a0 \u00a0Saguar NL (New Legend), SA\u0130TEM\u2019in uluslararas\u0131 arenada ortaya koydu\u011fu ilk g\u00fcne\u015f enerjili ara\u00e7 projesidir. SAGUAR X serisinden sonra \u00fcretilen ilk ara\u00e7 olmas\u0131 sebebiyle, araca NL ad\u0131 verilmi\u015ftir. Ayr\u0131ca NL, SA\u0130TEM\u2019in \u00fcretti\u011fi tamam\u0131 elyaf takviyeli kompozit yap\u0131da olan ilk ara\u00e7t\u0131r. \u00a0 SAGUAR NL, Avustralya World Solar Challenge 2009 i\u00e7in tasarlanarak \u00fcretilmi\u015ftir. O y\u0131la kadar ger\u00e7ekle\u015ftirilen [&hellip;]<\/p>\n","protected":false},"author":1,"featured_media":2361,"parent":1847,"menu_order":2,"comment_status":"closed","ping_status":"open","template":"","meta":[],"_links":{"self":[{"href":"https:\/\/www.saitem.org\/tr\/wp-json\/wp\/v2\/pages\/2741"}],"collection":[{"href":"https:\/\/www.saitem.org\/tr\/wp-json\/wp\/v2\/pages"}],"about":[{"href":"https:\/\/www.saitem.org\/tr\/wp-json\/wp\/v2\/types\/page"}],"author":[{"embeddable":true,"href":"https:\/\/www.saitem.org\/tr\/wp-json\/wp\/v2\/users\/1"}],"replies":[{"embeddable":true,"href":"https:\/\/www.saitem.org\/tr\/wp-json\/wp\/v2\/comments?post=2741"}],"version-history":[{"count":12,"href":"https:\/\/www.saitem.org\/tr\/wp-json\/wp\/v2\/pages\/2741\/revisions"}],"predecessor-version":[{"id":5939,"href":"https:\/\/www.saitem.org\/tr\/wp-json\/wp\/v2\/pages\/2741\/revisions\/5939"}],"up":[{"embeddable":true,"href":"https:\/\/www.saitem.org\/tr\/wp-json\/wp\/v2\/pages\/1847"}],"wp:featuredmedia":[{"embeddable":true,"href":"https:\/\/www.saitem.org\/tr\/wp-json\/wp\/v2\/media\/2361"}],"wp:attachment":[{"href":"https:\/\/www.saitem.org\/tr\/wp-json\/wp\/v2\/media?parent=2741"}],"curies":[{"name":"wp","href":"https:\/\/api.w.org\/{rel}","templated":true}]}}