{"id":1868,"date":"2013-04-17T18:15:10","date_gmt":"2013-04-17T15:15:10","guid":{"rendered":"http:\/\/localhost\/saitem\/tr\/?page_id=1868"},"modified":"2024-07-31T16:25:52","modified_gmt":"2024-07-31T13:25:52","slug":"sponsorlarimiz","status":"publish","type":"page","link":"https:\/\/www.saitem.org\/tr\/sponsorlarimiz\/","title":{"rendered":"Sponsorlar\u0131m\u0131z"},"content":{"rendered":"\n<blockquote class=\"wp-block-quote has-text-align-right has-colibri-color-1-color has-text-color\">\n<p class=\"has-colibri-color-1-color has-text-color has-medium-font-size\"><em><strong>Sponsorlar\u0131m\u0131za, bizleri destekledikleri ve yan\u0131m\u0131zda olduklar\u0131 i\u00e7in te\u015fekk\u00fcr ederiz.<\/strong><\/em><\/p>\n\n\n\n<p class=\"has-colibri-color-1-color has-text-color has-medium-font-size\"><em><strong> Sizlerle birlikte nice ba\u015far\u0131lara..<\/strong><\/em><\/p>\n<cite><em><strong>SAITEM<\/strong><\/em><\/cite><\/blockquote>\n\n\n\n<div class=\"wp-block-group is-nowrap is-layout-flex wp-container-2\">\n<div class=\"wp-block-buttons is-layout-flex\"><\/div>\n\n\n\n<figure class=\"wp-block-image size-full\"><img decoding=\"async\" loading=\"lazy\" width=\"1414\" height=\"1456\" src=\"https:\/\/www.saitem.org\/tr\/wp-content\/uploads\/2-2.png\" alt=\"\" class=\"wp-image-6225\" srcset=\"https:\/\/www.saitem.org\/tr\/wp-content\/uploads\/2-2.png 1414w, https:\/\/www.saitem.org\/tr\/wp-content\/uploads\/2-2-291x300.png 291w, https:\/\/www.saitem.org\/tr\/wp-content\/uploads\/2-2-994x1024.png 994w, https:\/\/www.saitem.org\/tr\/wp-content\/uploads\/2-2-768x791.png 768w\" sizes=\"(max-width: 1414px) 100vw, 1414px\" \/><\/figure>\n<\/div>\n\n\n\n<figure class=\"wp-block-image size-full\"><img decoding=\"async\" loading=\"lazy\" width=\"1414\" height=\"1246\" src=\"https:\/\/www.saitem.org\/tr\/wp-content\/uploads\/3-1.png\" alt=\"\" class=\"wp-image-6226\" srcset=\"https:\/\/www.saitem.org\/tr\/wp-content\/uploads\/3-1.png 1414w, https:\/\/www.saitem.org\/tr\/wp-content\/uploads\/3-1-300x264.png 300w, https:\/\/www.saitem.org\/tr\/wp-content\/uploads\/3-1-1024x902.png 1024w, https:\/\/www.saitem.org\/tr\/wp-content\/uploads\/3-1-768x677.png 768w\" sizes=\"(max-width: 1414px) 100vw, 1414px\" \/><\/figure>\n","protected":false},"excerpt":{"rendered":"<p>Sponsorlar\u0131m\u0131za, bizleri destekledikleri ve yan\u0131m\u0131zda olduklar\u0131 i\u00e7in te\u015fekk\u00fcr ederiz. Sizlerle birlikte nice ba\u015far\u0131lara.. SAITEM<\/p>\n","protected":false},"author":1,"featured_media":0,"parent":0,"menu_order":0,"comment_status":"closed","ping_status":"closed","template":"","meta":[],"_links":{"self":[{"href":"https:\/\/www.saitem.org\/tr\/wp-json\/wp\/v2\/pages\/1868"}],"collection":[{"href":"https:\/\/www.saitem.org\/tr\/wp-json\/wp\/v2\/pages"}],"about":[{"href":"https:\/\/www.saitem.org\/tr\/wp-json\/wp\/v2\/types\/page"}],"author":[{"embeddable":true,"href":"https:\/\/www.saitem.org\/tr\/wp-json\/wp\/v2\/users\/1"}],"replies":[{"embeddable":true,"href":"https:\/\/www.saitem.org\/tr\/wp-json\/wp\/v2\/comments?post=1868"}],"version-history":[{"count":260,"href":"https:\/\/www.saitem.org\/tr\/wp-json\/wp\/v2\/pages\/1868\/revisions"}],"predecessor-version":[{"id":6228,"href":"https:\/\/www.saitem.org\/tr\/wp-json\/wp\/v2\/pages\/1868\/revisions\/6228"}],"wp:attachment":[{"href":"https:\/\/www.saitem.org\/tr\/wp-json\/wp\/v2\/media?parent=1868"}],"curies":[{"name":"wp","href":"https:\/\/api.w.org\/{rel}","templated":true}]}}