{"id":1859,"date":"2013-04-16T04:13:18","date_gmt":"2013-04-16T01:13:18","guid":{"rendered":"http:\/\/localhost\/saitem\/tr\/?page_id=1859"},"modified":"2023-06-12T21:07:43","modified_gmt":"2023-06-12T18:07:43","slug":"satek","status":"publish","type":"page","link":"https:\/\/www.saitem.org\/tr\/satek\/","title":{"rendered":"SATEK"},"content":{"rendered":"<p><a href=\"https:\/\/www.saitem.org\/tr\/wp-content\/uploads\/2013\/05\/SATEK-2.jpg\"><img decoding=\"async\" loading=\"lazy\" width=\"640\" height=\"480\" class=\"size-full wp-image-2365 aligncenter\" alt=\"SATEK -2\" src=\"https:\/\/www.saitem.org\/tr\/wp-content\/uploads\/2013\/05\/SATEK-2.jpg\" srcset=\"https:\/\/www.saitem.org\/tr\/wp-content\/uploads\/2013\/05\/SATEK-2.jpg 640w, https:\/\/www.saitem.org\/tr\/wp-content\/uploads\/2013\/05\/SATEK-2-300x225.jpg 300w\" sizes=\"(max-width: 640px) 100vw, 640px\" \/><\/a><\/p>\n<p style=\"text-align: justify;\">\u00a0 \u00a0SATEK (Sakarya \u00dcniversitesi G\u00fcne\u015f Teknesi), Proje y\u00f6netimini Elektrik Elektronik M\u00fchendisli\u011fi b\u00f6l\u00fcm\u00fc \u00f6\u011frencisi Ersin ARSLAN&#8217;\u0131n \u00fcstlendi\u011fi \u00a0Marmaris&#8217;teki \u00fcretim a\u015famas\u0131nda ayn\u0131 b\u00f6l\u00fcmden Bar\u0131\u015f AKY\u00dcZ, H\u00fcsn\u00fc ALKAN, makine m\u00fchendisli\u011fi b\u00f6l\u00fcm\u00fcnden \u00d6nder \u0130NCE ve metal \u00f6\u011fretmenli\u011fi b\u00f6l\u00fcm\u00fcnden Ali G\u00d6K&#8217;ten olu\u015fan 5 ki\u015filik bir ekip \u00e7al\u0131\u015fmas\u0131d\u0131r.<\/p>\n<p style=\"text-align: justify;\">\u00a0 \u00a0Proje, ba\u015fta Sakarya \u00dcniversitesi\u2019nin deste\u011fi olmak \u00fczere,\u00a0Mu\u011fla\u2019n\u0131n\u00a0Marmaris\u00a0il\u00e7esinde hizmet vermekte olan Yaman Y\u0131lmaz M\u00fchendislik ve Bar\u0131\u015f Motor firmalar\u0131n\u0131n deste\u011fi ile ger\u00e7ekle\u015ftirilmi\u015ftir.<\/p>\n<p style=\"text-align: justify;\">\u00a0 \u00a0G\u00fcne\u015f enerjili tekne olan SATEK, alternatif enerji kaynaklar\u0131na olan ilgiyi artt\u0131rma ve toplumsal bilinci bu y\u00f6ne sevk etme amac\u0131yla 2006 y\u0131l\u0131n\u0131n A\u011fustos ay\u0131nda Mu\u011fla\u2019da \u00fcretilmi\u015ftir. B\u00fcy\u00fck bir k\u0131sm\u0131 Marmaris\u2019te \u00fcretilen tekne i\u00e7in gereken teknik donan\u0131m ve maddi kaynak T\u00dcB\u0130TAK, Sakarya \u00dcniversitesi ve Marmaris\u2019teki 2 sponsor firma taraf\u0131ndan kar\u015f\u0131lanm\u0131\u015ft\u0131r.<\/p>\n<p style=\"text-align: justify;\">\u00a0 \u00a0SATEK, 5,36 metre uzunlu\u011funda, 1,96 metre eninde, 90 cm freeboard, 1 metre draft y\u00fcksekli\u011fine sahiptir. \u00dczerinde toplam 800 Wh\u2019l\u0131k g\u00fcne\u015f g\u00f6zesi, 14 kWh\u2019l\u0131k iti\u015f g\u00fcc\u00fc saklama bataryas\u0131, 1.6 kWh\u2019lik servis bataryas\u0131 bulunmaktad\u0131r.<\/p>\n<p style=\"text-align: justify;\"><b>M\u00fcrettebat:<\/b>\u00a05<br \/>\n<b>Tekne Uzunlu\u011fu:<\/b>\u00a0536 cm<br \/>\n<b>Tekne Eni:<\/b>\u00a0196 cm<\/p>\n<p style=\"text-align: justify;\"><b>Motor Say\u0131s\u0131:<\/b>\u00a01<br \/>\n<b>Motor Tipi:<\/b>\u00a0DC Sabit M\u0131knat\u0131s<br \/>\n<b>Motor A\u011f\u0131rl\u0131\u011f\u0131:<\/b>\u00a011 kg<br \/>\n<b>Tepe G\u00fcc\u00fc:<\/b>\u00a010 Beygir<br \/>\n<b>S\u00fcrekli g\u00fc\u00e7 \u00e7\u0131k\u0131\u015f\u0131:<\/b>\u00a08 Beygir<br \/>\n<b>Operasyon Gerilimi:<\/b>\u00a048 V<\/p>\n<p style=\"text-align: justify;\"><b>MPPT gerilim giri\u015fi:<\/b>\u00a072\u201380 Volt<br \/>\n<b>MPPT gerilim \u00e7\u0131k\u0131\u015f\u0131:<\/b>\u00a048 Volt<br \/>\n<b>MPPT ak\u0131m \u00e7\u0131k\u0131\u015f\u0131:<\/b>\u00a0G\u00fcne\u015fe ba\u011fl\u0131 de\u011fi\u015fken<\/p>\n<p style=\"text-align: justify;\"><b>G\u00fcne\u015f Paneli Say\u0131s\u0131:<\/b>\u00a016<br \/>\n<b>Tek Panel Tepe Gerilimi:<\/b>\u00a016,7 Volt<br \/>\n<b>Tek Panel Tepe Ak\u0131m\u0131:<\/b>\u00a03,1 Amper<br \/>\n<b>Toplam Teorik G\u00fc\u00e7 \u00c7\u0131k\u0131\u015f\u0131:<\/b>\u00a0800 wH<br \/>\n<b>\u00d6\u011fle vakti pratik g\u00fc\u00e7 \u00e7\u0131k\u0131\u015f\u0131:<\/b>\u00a0500\u2013600 wH<\/p>\n<p style=\"text-align: justify;\"><b>Batarya Tipi:<\/b>\u00a0Kur\u015fun Asit<br \/>\n<b>Batarya Kapasitesi:<\/b>\u00a014 \u00a0kWh<br \/>\n<b>Batarya Gerilimi:<\/b>\u00a048 V<br \/>\n<b>H\u00fccre Say\u0131s\u0131:<\/b>\u00a016<\/p>\n","protected":false},"excerpt":{"rendered":"<p>\u00a0 \u00a0SATEK (Sakarya \u00dcniversitesi G\u00fcne\u015f Teknesi), Proje y\u00f6netimini Elektrik Elektronik M\u00fchendisli\u011fi b\u00f6l\u00fcm\u00fc \u00f6\u011frencisi Ersin ARSLAN&#8217;\u0131n \u00fcstlendi\u011fi \u00a0Marmaris&#8217;teki \u00fcretim a\u015famas\u0131nda ayn\u0131 b\u00f6l\u00fcmden Bar\u0131\u015f AKY\u00dcZ, H\u00fcsn\u00fc ALKAN, makine m\u00fchendisli\u011fi b\u00f6l\u00fcm\u00fcnden \u00d6nder \u0130NCE ve metal \u00f6\u011fretmenli\u011fi b\u00f6l\u00fcm\u00fcnden Ali G\u00d6K&#8217;ten olu\u015fan 5 ki\u015filik bir ekip \u00e7al\u0131\u015fmas\u0131d\u0131r. \u00a0 \u00a0Proje, ba\u015fta Sakarya \u00dcniversitesi\u2019nin deste\u011fi olmak \u00fczere,\u00a0Mu\u011fla\u2019n\u0131n\u00a0Marmaris\u00a0il\u00e7esinde hizmet vermekte olan Yaman Y\u0131lmaz [&hellip;]<\/p>\n","protected":false},"author":1,"featured_media":0,"parent":0,"menu_order":0,"comment_status":"closed","ping_status":"open","template":"","meta":[],"_links":{"self":[{"href":"https:\/\/www.saitem.org\/tr\/wp-json\/wp\/v2\/pages\/1859"}],"collection":[{"href":"https:\/\/www.saitem.org\/tr\/wp-json\/wp\/v2\/pages"}],"about":[{"href":"https:\/\/www.saitem.org\/tr\/wp-json\/wp\/v2\/types\/page"}],"author":[{"embeddable":true,"href":"https:\/\/www.saitem.org\/tr\/wp-json\/wp\/v2\/users\/1"}],"replies":[{"embeddable":true,"href":"https:\/\/www.saitem.org\/tr\/wp-json\/wp\/v2\/comments?post=1859"}],"version-history":[{"count":8,"href":"https:\/\/www.saitem.org\/tr\/wp-json\/wp\/v2\/pages\/1859\/revisions"}],"predecessor-version":[{"id":5943,"href":"https:\/\/www.saitem.org\/tr\/wp-json\/wp\/v2\/pages\/1859\/revisions\/5943"}],"wp:attachment":[{"href":"https:\/\/www.saitem.org\/tr\/wp-json\/wp\/v2\/media?parent=1859"}],"curies":[{"name":"wp","href":"https:\/\/api.w.org\/{rel}","templated":true}]}}