{"id":1806,"date":"2013-04-16T02:54:54","date_gmt":"2013-04-15T23:54:54","guid":{"rendered":"http:\/\/localhost\/saitem\/tr\/?page_id=1806"},"modified":"2025-12-13T14:55:26","modified_gmt":"2025-12-13T11:55:26","slug":"basarilarimiz","status":"publish","type":"page","link":"https:\/\/www.saitem.org\/tr\/basarilarimiz\/","title":{"rendered":"Ba\u015far\u0131lar\u0131m\u0131z"},"content":{"rendered":"<h3><strong>T\u00dcB\u0130TAK Formula G<\/strong><\/h3>\n<h5><strong>2005<\/strong> \u2013 T\u00fcrkiye 4.s\u00fc (SAGUAR X4)<\/h5>\n<h5><strong>2006<\/strong> \u2013 T\u00fcrkiye 2.si (SAGUAR X5), Tasar\u0131m Mansiyon \u00d6d\u00fcl\u00fc<\/h5>\n<h5><strong>2007<\/strong> \u2013 T\u00fcrkiye 3.s\u00fc (SAGUAR X6)<\/h5>\n<h5><strong>2008<\/strong> \u2013 En iyi Tasar\u0131m \u00d6d\u00fcl\u00fc (SAGUAR X7)<\/h5>\n<h5><strong>2010<\/strong> \u2013 T\u00fcrkiye 2.si (SAGUAR 1)<\/h5>\n<h5><strong>2013\u00a0\u2013<\/strong> T\u00fcrkiye 1.si (SAGUAR 2)<\/h5>\n<h5><strong>2014\u00a0<\/strong><strong>\u2013<\/strong>\u00a0T\u00fcrkiye 1.si (SAGUAR 2)<\/h5>\n<h3><strong>Shell Eco Marathon<\/strong><\/h3>\n<h5><strong>2008<\/strong> \u2013 Avrupa 3. s\u00fc , T\u00fcrkiye 1.si (SAHIMO X3)<\/h5>\n<h5><strong>2009<\/strong> \u2013 Avrupa 3. s\u00fc , T\u00fcrkiye 1.si (SAHIMO X4)<\/h5>\n<h5><strong>2012<\/strong> \u2013 Avrupa 7. si , T\u00fcrkiye 1.si ( EVrim )<\/h5>\n<h5><strong>2013<\/strong>\u00a0\u2013 Avrupa 7. si , T\u00fcrkiye 1.si ( EVrim 2 )<\/h5>\n<h5><strong>2014<\/strong> &#8211; Avrupa 8.si , T\u00fcrkiye 1.si ( EVrim 3 )<\/h5>\n<h5><strong>2017<\/strong> &#8211;\u00a0 T\u00fcrkiye 2.si ( EVrim 3 )<\/h5>\n<h5><strong>2018<\/strong> &#8211; T\u00fcrkiye 2.si ( EVrim 4 )<\/h5>\n<h3><strong>World Solar Challenge<\/strong><\/h3>\n<h5><strong>2009<\/strong> \u2013 D\u00fcnya 9. su (Silicon Class, SAGUAR 1)<\/h5>\n<h5><strong>2011<\/strong> \u2013 D\u00fcnya 14. s\u00fc (SAGUAR 2)<\/h5>\n<h3><strong>Teknofest Robotaksi Otonom Ara\u00e7 Yar\u0131\u015flar\u0131<\/strong><\/h3>\n<h5><strong>2020 &#8211;<\/strong> T\u00fcrkiye 1.si (EVrim3 Sauto)<\/h5>\n<h5><strong>2021 &#8211;<\/strong> T\u00fcrkiye 2.si (EVrim3 Sauto)<\/h5>\n<h3><strong>T\u00fcbitak Efficiency Challenge Elektrikli Ara\u00e7 Yar\u0131\u015flar\u0131<\/strong><\/h3>\n<h5><strong>2021 &#8211;<\/strong> T\u00fcrkiye 2.si (Saguar-E)<\/h5>\n<h5><strong>2025 \u2013<\/strong> T\u00fcrkiye 4.s\u00fc (Spark)<\/h5>\n","protected":false},"excerpt":{"rendered":"<p>T\u00dcB\u0130TAK Formula G 2005 \u2013 T\u00fcrkiye 4.s\u00fc (SAGUAR X4) 2006 \u2013 T\u00fcrkiye 2.si (SAGUAR X5), Tasar\u0131m Mansiyon \u00d6d\u00fcl\u00fc 2007 \u2013 T\u00fcrkiye 3.s\u00fc (SAGUAR X6) 2008 \u2013 En iyi Tasar\u0131m \u00d6d\u00fcl\u00fc (SAGUAR X7) 2010 \u2013 T\u00fcrkiye 2.si (SAGUAR 1) 2013\u00a0\u2013 T\u00fcrkiye 1.si (SAGUAR 2) 2014\u00a0\u2013\u00a0T\u00fcrkiye 1.si (SAGUAR 2) Shell Eco Marathon 2008 \u2013 Avrupa 3. s\u00fc [&hellip;]<\/p>\n","protected":false},"author":1,"featured_media":0,"parent":0,"menu_order":0,"comment_status":"closed","ping_status":"open","template":"","meta":[],"_links":{"self":[{"href":"https:\/\/www.saitem.org\/tr\/wp-json\/wp\/v2\/pages\/1806"}],"collection":[{"href":"https:\/\/www.saitem.org\/tr\/wp-json\/wp\/v2\/pages"}],"about":[{"href":"https:\/\/www.saitem.org\/tr\/wp-json\/wp\/v2\/types\/page"}],"author":[{"embeddable":true,"href":"https:\/\/www.saitem.org\/tr\/wp-json\/wp\/v2\/users\/1"}],"replies":[{"embeddable":true,"href":"https:\/\/www.saitem.org\/tr\/wp-json\/wp\/v2\/comments?post=1806"}],"version-history":[{"count":21,"href":"https:\/\/www.saitem.org\/tr\/wp-json\/wp\/v2\/pages\/1806\/revisions"}],"predecessor-version":[{"id":6385,"href":"https:\/\/www.saitem.org\/tr\/wp-json\/wp\/v2\/pages\/1806\/revisions\/6385"}],"wp:attachment":[{"href":"https:\/\/www.saitem.org\/tr\/wp-json\/wp\/v2\/media?parent=1806"}],"curies":[{"name":"wp","href":"https:\/\/api.w.org\/{rel}","templated":true}]}}