{"id":1802,"date":"2013-04-16T02:49:22","date_gmt":"2013-04-15T23:49:22","guid":{"rendered":"http:\/\/localhost\/saitem\/tr\/?page_id=1802"},"modified":"2023-06-12T21:07:42","modified_gmt":"2023-06-12T18:07:42","slug":"danismanlarimiz","status":"publish","type":"page","link":"https:\/\/www.saitem.org\/tr\/danismanlarimiz\/","title":{"rendered":"Dan\u0131\u015fmanlar\u0131m\u0131z"},"content":{"rendered":"<ul>\n<li>\n<h5><strong>Prof. Dr. Mehmet Ali YAL\u00c7IN<\/strong><\/h5>\n<\/li>\n<li>\n<h5><strong>Prof.Dr.Musa EKEN<\/strong><\/h5>\n<\/li>\n<li>\n<h5><strong>Do\u00e7. Dr. Ahmet \u00d6ZEL<\/strong><\/h5>\n<\/li>\n<li>\n<h5><strong>Yrd. Do\u00e7. Dr. Zekiye ERDEM<\/strong><\/h5>\n<\/li>\n<li>\n<h5><strong>Ar\u015f.G\u00f6r. Kemal KALAYCI<\/strong><\/h5>\n<\/li>\n<li>\n<h5><strong>Okt. G\u00f6k\u00e7e B\u00dcY\u00dcK\u015eENG\u00dcR<\/strong><\/h5>\n<\/li>\n<li>\n<h5><strong>Ersin ARSLAN<\/strong><\/h5>\n<\/li>\n<li>\n<h5><strong>Bar\u0131\u015f AKY\u00dcZ<\/strong><\/h5>\n<\/li>\n<li>\n<h5><strong>Fazl\u0131 Fatih MELEMEZ<\/strong><\/h5>\n<\/li>\n<li>\n<h5><strong>Resul UYGUN<\/strong><\/h5>\n<\/li>\n<li>\n<h5><strong>M. Akif \u00d6ZKAYA<\/strong><\/h5>\n<\/li>\n<li>\n<h5><strong>Tar\u0131k AKKOYUNLU<\/strong><\/h5>\n<\/li>\n<li>\n<h5><strong>H\u00fcsn\u00fc ALKAN<\/strong><\/h5>\n<\/li>\n<li>\n<h5><strong>Kenan BAYSAL<\/strong><\/h5>\n<\/li>\n<li>\n<h5><strong>Erdem G\u00dcVEN<\/strong><\/h5>\n<\/li>\n<li>\n<h5><strong>\u015eenol \u00d6ZT\u00dcRK<\/strong><\/h5>\n<\/li>\n<li>\n<h5><strong>Salih \u00c7AKIR<\/strong><\/h5>\n<\/li>\n<li>\n<h5><strong>Mahmut \u00c7ET\u0130N<\/strong><\/h5>\n<\/li>\n<li>\n<h5><strong>Halil \u0130brahim KURT<\/strong><\/h5>\n<\/li>\n<li>\n<h5><strong>Ahmet SABAH<\/strong><\/h5>\n<\/li>\n<li>\n<h5><strong>Mehmet ELMALI<\/strong><\/h5>\n<\/li>\n<li>\n<h5><strong>Ahmet Onur G\u00dcLTEK\u0130N<\/strong><\/h5>\n<\/li>\n<li>\n<h5><strong>M.Sinan SA\u011eIRO\u011eLU<\/strong><\/h5>\n<\/li>\n<li>\n<h5><strong>Metin KO\u00c7<\/strong><\/h5>\n<\/li>\n<li>\n<h5><strong>Hilmi G\u00dcNEY<\/strong><\/h5>\n<\/li>\n<li>\n<h5><strong>Enes YILDIRIM<\/strong><\/h5>\n<\/li>\n<li>\n<h5><strong>Melike Seda T\u00dcRKMEN<\/strong><\/h5>\n<\/li>\n<li>\n<h5><strong>Onur AKPINAR<\/strong><\/h5>\n<\/li>\n<li>\n<h5><strong>Do\u011fan TA\u015e<\/strong><\/h5>\n<\/li>\n<li>\n<h5><strong>Yusuf KUZU<\/strong><\/h5>\n<\/li>\n<li>\n<h5><strong>Kubilay KAYA<\/strong><\/h5>\n<\/li>\n<li>\n<h5><strong>Sel\u00e7uk YAZICI<\/strong><\/h5>\n<\/li>\n<li>\n<h5><strong>Osman ZENG\u0130NAL<\/strong><\/h5>\n<\/li>\n<li>\n<h5><strong>Hamdi OLGUN<\/strong><\/h5>\n<\/li>\n<li>\n<h5><strong>\u0130brahim Can KARAAHMETO\u011eLU<\/strong><\/h5>\n<\/li>\n<li>\n<h5><strong>\u00d6mer Kerim \u00c7EVD\u0130R<\/strong><\/h5>\n<\/li>\n<li>\n<h5><strong>Volkan \u00c7ET\u0130N<\/strong><\/h5>\n<\/li>\n<li>\n<h5><strong>Burak G\u00d6KMEN<\/strong><\/h5>\n<\/li>\n<li>\n<h5><strong>\u00d6zge YAVEZO\u011eLU<\/strong><\/h5>\n<\/li>\n<li>\n<h5><strong>Samet BAKIRCI<\/strong><\/h5>\n<\/li>\n<li>\n<h5><strong>\u00d6nder G\u00d6RMEZ<\/strong><\/h5>\n<\/li>\n<li>\n<h5><strong>Sezer KAND\u0130\u015e<\/strong><\/h5>\n<\/li>\n<li>\n<h5><strong>Mehmet Burak MISIRLI<\/strong><\/h5>\n<\/li>\n<li>\n<h5><strong>Naz\u0131m A\u00c7ICI<\/strong><\/h5>\n<\/li>\n<li>\n<h5><strong>O\u011fuzhan G\u00dcNG\u00d6R<\/strong><\/h5>\n<\/li>\n<li>\n<h5><strong>Ender D\u00d6NMEZ<\/strong><\/h5>\n<\/li>\n<li>\n<h5><strong>Mertcan \u00d6ZTOKMAK<\/strong><\/h5>\n<\/li>\n<li>\n<h5><strong>Do\u011fukan D\u00dcD\u00dcK\u00c7\u00dc<\/strong><\/h5>\n<\/li>\n<li>\n<h5><strong>\u015eahin SOYDA\u015e<\/strong><\/h5>\n<\/li>\n<li>\n<h5><strong>\u0130lker DEM\u0130RBA\u015e<\/strong><\/h5>\n<\/li>\n<li>\n<h5><strong>Ali R\u0131za G\u00d6R\u00dcM<\/strong><\/h5>\n<\/li>\n<li>\n<h5><strong>Fatih \u00c7IR<\/strong><\/h5>\n<\/li>\n<li>\n<h5><strong>\u0130sa KAYA<\/strong><\/h5>\n<\/li>\n<li>\n<h5><strong>Selim T\u00dcRKMEN<\/strong><\/h5>\n<\/li>\n<li>\n<h5><strong>Safa \u00c7ET\u0130NKAYA<\/strong><\/h5>\n<\/li>\n<li>\n<h5><strong>\u0130brahim BALKAN<\/strong><\/h5>\n<\/li>\n<li>\n<h5><strong>Ece SEL\u00c7UK<\/strong><\/h5>\n<\/li>\n<li>\n<h5><strong>Ahmet Can BABU\u00c7O\u011eLU<\/strong><\/h5>\n<\/li>\n<li>\n<h5><strong>Celil S\u0130NCANLI<\/strong><\/h5>\n<\/li>\n<li>\n<h5><strong>Burcu AYDO\u011eAN<\/strong><\/h5>\n<\/li>\n<li class=\"TnITTtw-translate-selection-button\" style=\"top: 1045.95px; left: 174.233px;\">\n<h5><strong>Hasan KAYA<\/strong><\/h5>\n<\/li>\n<li>\n<h5><strong>Furkan \u0130MRAL\u00a0<\/strong><\/h5>\n<\/li>\n<li>\n<h5><strong>Mahmut DEM\u0130RYENT<\/strong><\/h5>\n<\/li>\n<li>\n<h5><strong>Sultan Atasoy<\/strong><\/h5>\n<\/li>\n<li>\n<h5><strong>Muhammed Fatih T\u00fcrk<\/strong><\/h5>\n<\/li>\n<li>\n<h5><strong>R\u0131dvan Yi\u011fit<\/strong><\/h5>\n<\/li>\n<li>\n<h5><strong>Belemir \u00c7apraz<\/strong><\/h5>\n<\/li>\n<\/ul>\n<h5><\/h5>\n","protected":false},"excerpt":{"rendered":"<p>Prof. Dr. Mehmet Ali YAL\u00c7IN Prof.Dr.Musa EKEN Do\u00e7. Dr. Ahmet \u00d6ZEL Yrd. Do\u00e7. Dr. Zekiye ERDEM Ar\u015f.G\u00f6r. Kemal KALAYCI Okt. G\u00f6k\u00e7e B\u00dcY\u00dcK\u015eENG\u00dcR Ersin ARSLAN Bar\u0131\u015f AKY\u00dcZ Fazl\u0131 Fatih MELEMEZ Resul UYGUN M. Akif \u00d6ZKAYA Tar\u0131k AKKOYUNLU H\u00fcsn\u00fc ALKAN Kenan BAYSAL Erdem G\u00dcVEN \u015eenol \u00d6ZT\u00dcRK Salih \u00c7AKIR Mahmut \u00c7ET\u0130N Halil \u0130brahim KURT Ahmet SABAH Mehmet ELMALI [&hellip;]<\/p>\n","protected":false},"author":1,"featured_media":0,"parent":0,"menu_order":0,"comment_status":"closed","ping_status":"open","template":"","meta":[],"_links":{"self":[{"href":"https:\/\/www.saitem.org\/tr\/wp-json\/wp\/v2\/pages\/1802"}],"collection":[{"href":"https:\/\/www.saitem.org\/tr\/wp-json\/wp\/v2\/pages"}],"about":[{"href":"https:\/\/www.saitem.org\/tr\/wp-json\/wp\/v2\/types\/page"}],"author":[{"embeddable":true,"href":"https:\/\/www.saitem.org\/tr\/wp-json\/wp\/v2\/users\/1"}],"replies":[{"embeddable":true,"href":"https:\/\/www.saitem.org\/tr\/wp-json\/wp\/v2\/comments?post=1802"}],"version-history":[{"count":28,"href":"https:\/\/www.saitem.org\/tr\/wp-json\/wp\/v2\/pages\/1802\/revisions"}],"predecessor-version":[{"id":5450,"href":"https:\/\/www.saitem.org\/tr\/wp-json\/wp\/v2\/pages\/1802\/revisions\/5450"}],"wp:attachment":[{"href":"https:\/\/www.saitem.org\/tr\/wp-json\/wp\/v2\/media?parent=1802"}],"curies":[{"name":"wp","href":"https:\/\/api.w.org\/{rel}","templated":true}]}}