{"id":1788,"date":"2013-04-16T00:14:47","date_gmt":"2013-04-15T21:14:47","guid":{"rendered":"http:\/\/localhost\/saitem\/tr\/?page_id=1788"},"modified":"2023-12-29T20:57:04","modified_gmt":"2023-12-29T17:57:04","slug":"ekibimiz","status":"publish","type":"page","link":"https:\/\/www.saitem.org\/tr\/ekibimiz\/","title":{"rendered":"Ekibimiz"},"content":{"rendered":"\n<div class=\"wp-block-columns is-layout-flex wp-container-4\">\n<div class=\"wp-block-column is-layout-flow\" style=\"flex-basis:66.66%\">\n<blockquote class=\"wp-block-quote\">\n<p>2003 senesinden beri aktif \u015fekilde proje y\u00fcr\u00fcten SAITEM; g\u00fcne\u015f, elektrik ve hidrojen enerjili ara\u00e7lar gibi birbirinden farkl\u0131 alanlarda \u00e7al\u0131\u015fm\u0131\u015ft\u0131r. Proje esnas\u0131nda kompozit, batarya y\u00f6netim sistemleri , motor s\u00fcr\u00fcc\u00fc ve g\u00fcne\u015f panelleriyle ilgili \u00e7e\u015fitli ar-ge \u00e7al\u0131\u015fmalar\u0131 da y\u00fcr\u00fctmektedir.<\/p>\n\n\n\n<p>Sakarya \u00dcniversitesi b\u00fcnyesinde, y\u00fcr\u00fct\u00fclen projelerde kendini geli\u015ftirmek isteyen ve projenin geli\u015fmesine katk\u0131da bulunabilecek b\u00fct\u00fcn \u00f6\u011frencileri ekibimize bekliyoruz.<\/p>\n<\/blockquote>\n<\/div>\n\n\n\n<div class=\"wp-block-column is-layout-flow\" style=\"flex-basis:33.33%\">\n<div class=\"wp-block-buttons is-vertical is-content-justification-center is-layout-flex wp-container-2\">\n<div class=\"wp-block-button\"><a class=\"wp-block-button__link wp-element-button\" href=\"https:\/\/www.instagram.com\/saitem\" target=\"_blank\" rel=\"noreferrer noopener\">Ekibimize Kat\u0131l\u0131n<\/a><\/div>\n<\/div>\n<\/div>\n<\/div>\n","protected":false},"excerpt":{"rendered":"<p>2003 senesinden beri aktif \u015fekilde proje y\u00fcr\u00fcten SAITEM; g\u00fcne\u015f, elektrik ve hidrojen enerjili ara\u00e7lar gibi birbirinden farkl\u0131 alanlarda \u00e7al\u0131\u015fm\u0131\u015ft\u0131r. Proje esnas\u0131nda kompozit, batarya y\u00f6netim sistemleri , motor s\u00fcr\u00fcc\u00fc ve g\u00fcne\u015f panelleriyle ilgili \u00e7e\u015fitli ar-ge \u00e7al\u0131\u015fmalar\u0131 da y\u00fcr\u00fctmektedir. Sakarya \u00dcniversitesi b\u00fcnyesinde, y\u00fcr\u00fct\u00fclen projelerde kendini geli\u015ftirmek isteyen ve projenin geli\u015fmesine katk\u0131da bulunabilecek b\u00fct\u00fcn \u00f6\u011frencileri ekibimize bekliyoruz.<\/p>\n","protected":false},"author":1,"featured_media":0,"parent":0,"menu_order":0,"comment_status":"closed","ping_status":"open","template":"","meta":[],"_links":{"self":[{"href":"https:\/\/www.saitem.org\/tr\/wp-json\/wp\/v2\/pages\/1788"}],"collection":[{"href":"https:\/\/www.saitem.org\/tr\/wp-json\/wp\/v2\/pages"}],"about":[{"href":"https:\/\/www.saitem.org\/tr\/wp-json\/wp\/v2\/types\/page"}],"author":[{"embeddable":true,"href":"https:\/\/www.saitem.org\/tr\/wp-json\/wp\/v2\/users\/1"}],"replies":[{"embeddable":true,"href":"https:\/\/www.saitem.org\/tr\/wp-json\/wp\/v2\/comments?post=1788"}],"version-history":[{"count":119,"href":"https:\/\/www.saitem.org\/tr\/wp-json\/wp\/v2\/pages\/1788\/revisions"}],"predecessor-version":[{"id":6133,"href":"https:\/\/www.saitem.org\/tr\/wp-json\/wp\/v2\/pages\/1788\/revisions\/6133"}],"wp:attachment":[{"href":"https:\/\/www.saitem.org\/tr\/wp-json\/wp\/v2\/media?parent=1788"}],"curies":[{"name":"wp","href":"https:\/\/api.w.org\/{rel}","templated":true}]}}